{"id":802,"date":"2022-12-24T23:58:03","date_gmt":"2022-12-24T23:58:03","guid":{"rendered":"https:\/\/mv-strallegg.at\/main\/?page_id=802"},"modified":"2025-12-14T14:14:22","modified_gmt":"2025-12-14T14:14:22","slug":"zeitungen","status":"publish","type":"page","link":"https:\/\/mv-strallegg.at\/main\/?page_id=802","title":{"rendered":"Musikerzeitung"},"content":{"rendered":"<div id=\"pl-802\"  class=\"panel-layout\" ><div id=\"pg-802-0\"  class=\"panel-grid panel-no-style\" ><div id=\"pgc-802-0-0\"  class=\"panel-grid-cell\" ><div id=\"panel-802-0-0-0\" class=\"so-panel widget widget_text panel-first-child panel-last-child\" data-index=\"0\" ><h3 class=\"widget-title\">&#8222;Strallegger Vier-Viertel Takt&#8220;<\/h3>\t\t\t<div class=\"textwidget\"><p>Willkommen zur <strong>Musikerzeitung<\/strong> des Musikvereins Strallegg, auch bekannt als der &#8222;Strallegger Vier-Viertel Takt&#8220;!<\/p>\n<p>Jedes Jahr im <strong>Dezember<\/strong> packen wir diese musikalische Zeitung aus, um euch \u00fcber alles zu informieren, was in unserem Verein so los ist. Von den neuesten <strong>Abenteuern<\/strong> und <strong>Ver\u00e4nderungen<\/strong> in unserem Mitgliederwesen bis hin zu den geheimen Rezepten f\u00fcr die besten Konzert-Pausensnacks &#8211; hier erfahrt ihr alles.<\/p>\n<p>Also, viel Spa\u00df beim Bl\u00e4ttern, Lesen und Schm\u00f6kern! Wir versprechen euch, es wird nicht langweilig. \ud83d\ude09<\/p>\n<\/div>\n\t\t<\/div><\/div><\/div><div id=\"pg-802-1\"  class=\"panel-grid panel-no-style\" ><div id=\"pgc-802-1-0\"  class=\"panel-grid-cell\" ><div id=\"panel-802-1-0-0\" class=\"so-panel widget widget_text panel-first-child\" data-index=\"1\" ><h3 class=\"widget-title\">2025<\/h3>\t\t\t<div class=\"textwidget\"><\/div>\n\t\t<\/div><div id=\"panel-802-1-0-1\" class=\"so-panel widget widget_media_image panel-last-child\" data-index=\"2\" ><a href=\"https:\/\/mv-strallegg.at\/main\/wp-content\/uploads\/2025\/12\/Stallegger_Vier_Viertel_Takt_2025_MV_Strallegg.pdf\"><img width=\"214\" height=\"300\" src=\"https:\/\/mv-strallegg.at\/main\/wp-content\/uploads\/2025\/12\/Musikverzeitung_2026-214x300.png\" class=\"image wp-image-1376  attachment-medium size-medium\" alt=\"\" loading=\"lazy\" style=\"max-width: 100%; height: auto;\" srcset=\"https:\/\/mv-strallegg.at\/main\/wp-content\/uploads\/2025\/12\/Musikverzeitung_2026-214x300.png 214w, https:\/\/mv-strallegg.at\/main\/wp-content\/uploads\/2025\/12\/Musikverzeitung_2026-729x1024.png 729w, https:\/\/mv-strallegg.at\/main\/wp-content\/uploads\/2025\/12\/Musikverzeitung_2026-768x1079.png 768w, https:\/\/mv-strallegg.at\/main\/wp-content\/uploads\/2025\/12\/Musikverzeitung_2026-1094x1536.png 1094w, https:\/\/mv-strallegg.at\/main\/wp-content\/uploads\/2025\/12\/Musikverzeitung_2026.png 1424w\" sizes=\"(max-width: 214px) 100vw, 214px\" \/><\/a><\/div><\/div><div id=\"pgc-802-1-1\"  class=\"panel-grid-cell\" ><div id=\"panel-802-1-1-0\" class=\"so-panel widget widget_text panel-first-child\" data-index=\"3\" ><h3 class=\"widget-title\">2024<\/h3>\t\t\t<div class=\"textwidget\"><\/div>\n\t\t<\/div><div id=\"panel-802-1-1-1\" class=\"so-panel widget widget_media_image panel-last-child\" data-index=\"4\" ><a href=\"https:\/\/mv-strallegg.at\/main\/wp-content\/uploads\/2024\/12\/Strallegger_Vier_Viertel_Takt_2024.pdf\"><img width=\"214\" height=\"300\" src=\"https:\/\/mv-strallegg.at\/main\/wp-content\/uploads\/2024\/12\/Deckblatt_Strallegger_Vier_Viertel_Takt_2024-1-214x300.png\" class=\"image wp-image-1202  attachment-medium size-medium\" alt=\"\" loading=\"lazy\" style=\"max-width: 100%; height: auto;\" srcset=\"https:\/\/mv-strallegg.at\/main\/wp-content\/uploads\/2024\/12\/Deckblatt_Strallegger_Vier_Viertel_Takt_2024-1-214x300.png 214w, https:\/\/mv-strallegg.at\/main\/wp-content\/uploads\/2024\/12\/Deckblatt_Strallegger_Vier_Viertel_Takt_2024-1-729x1024.png 729w, https:\/\/mv-strallegg.at\/main\/wp-content\/uploads\/2024\/12\/Deckblatt_Strallegger_Vier_Viertel_Takt_2024-1-768x1079.png 768w, https:\/\/mv-strallegg.at\/main\/wp-content\/uploads\/2024\/12\/Deckblatt_Strallegger_Vier_Viertel_Takt_2024-1-1094x1536.png 1094w, https:\/\/mv-strallegg.at\/main\/wp-content\/uploads\/2024\/12\/Deckblatt_Strallegger_Vier_Viertel_Takt_2024-1.png 1424w\" sizes=\"(max-width: 214px) 100vw, 214px\" \/><\/a><\/div><\/div><\/div><div id=\"pg-802-2\"  class=\"panel-grid panel-no-style\" ><div id=\"pgc-802-2-0\"  class=\"panel-grid-cell\" ><div id=\"panel-802-2-0-0\" class=\"so-panel widget widget_text panel-first-child\" data-index=\"5\" ><h3 class=\"widget-title\">2023<\/h3>\t\t\t<div class=\"textwidget\"><\/div>\n\t\t<\/div><div id=\"panel-802-2-0-1\" class=\"so-panel widget widget_media_image panel-last-child\" data-index=\"6\" ><a href=\"https:\/\/mv-strallegg.at\/main\/wp-content\/uploads\/2023\/12\/Strallegger_Viert_Viertel_Takt_2023.pdf\"><img width=\"212\" height=\"300\" src=\"https:\/\/mv-strallegg.at\/main\/wp-content\/uploads\/2023\/12\/Viert_Viertel_Tak_2-212x300.png\" class=\"image wp-image-1023  attachment-medium size-medium\" alt=\"\" loading=\"lazy\" style=\"max-width: 100%; height: auto;\" srcset=\"https:\/\/mv-strallegg.at\/main\/wp-content\/uploads\/2023\/12\/Viert_Viertel_Tak_2-212x300.png 212w, https:\/\/mv-strallegg.at\/main\/wp-content\/uploads\/2023\/12\/Viert_Viertel_Tak_2.png 592w\" sizes=\"(max-width: 212px) 100vw, 212px\" \/><\/a><\/div><\/div><div id=\"pgc-802-2-1\"  class=\"panel-grid-cell\" ><div id=\"panel-802-2-1-0\" class=\"so-panel widget widget_text panel-first-child\" data-index=\"7\" ><h3 class=\"widget-title\">2022<\/h3>\t\t\t<div class=\"textwidget\"><\/div>\n\t\t<\/div><div id=\"panel-802-2-1-1\" class=\"so-panel widget widget_media_image panel-last-child\" data-index=\"8\" ><a href=\"https:\/\/mv-strallegg.at\/main\/wp-content\/uploads\/2022\/12\/1.-Strallegger-Vier-Viertel-Takt-2022.pdf\"><img width=\"212\" height=\"300\" src=\"https:\/\/mv-strallegg.at\/main\/wp-content\/uploads\/2023\/12\/Viert_Viertel_Tak_1-212x300.png\" class=\"image wp-image-1024  attachment-medium size-medium\" alt=\"\" loading=\"lazy\" style=\"max-width: 100%; height: auto;\" srcset=\"https:\/\/mv-strallegg.at\/main\/wp-content\/uploads\/2023\/12\/Viert_Viertel_Tak_1-212x300.png 212w, https:\/\/mv-strallegg.at\/main\/wp-content\/uploads\/2023\/12\/Viert_Viertel_Tak_1.png 446w\" sizes=\"(max-width: 212px) 100vw, 212px\" \/><\/a><\/div><\/div><\/div><div id=\"pg-802-3\"  class=\"panel-grid panel-no-style\" ><div id=\"pgc-802-3-0\"  class=\"panel-grid-cell\" ><div id=\"panel-802-3-0-0\" class=\"so-panel widget widget_media_image panel-first-child panel-last-child\" data-index=\"9\" ><img width=\"300\" height=\"225\" src=\"https:\/\/mv-strallegg.at\/main\/wp-content\/uploads\/2023\/04\/WhatsApp-Image-2023-03-12-at-13.42.39-4-300x225.jpeg\" class=\"image wp-image-936  attachment-medium size-medium\" alt=\"\" loading=\"lazy\" style=\"max-width: 100%; height: auto;\" srcset=\"https:\/\/mv-strallegg.at\/main\/wp-content\/uploads\/2023\/04\/WhatsApp-Image-2023-03-12-at-13.42.39-4-300x225.jpeg 300w, https:\/\/mv-strallegg.at\/main\/wp-content\/uploads\/2023\/04\/WhatsApp-Image-2023-03-12-at-13.42.39-4-1024x768.jpeg 1024w, https:\/\/mv-strallegg.at\/main\/wp-content\/uploads\/2023\/04\/WhatsApp-Image-2023-03-12-at-13.42.39-4-768x576.jpeg 768w, https:\/\/mv-strallegg.at\/main\/wp-content\/uploads\/2023\/04\/WhatsApp-Image-2023-03-12-at-13.42.39-4-1536x1152.jpeg 1536w, https:\/\/mv-strallegg.at\/main\/wp-content\/uploads\/2023\/04\/WhatsApp-Image-2023-03-12-at-13.42.39-4.jpeg 1600w\" sizes=\"(max-width: 300px) 100vw, 300px\" \/><\/div><\/div><div id=\"pgc-802-3-1\"  class=\"panel-grid-cell\" ><div id=\"panel-802-3-1-0\" class=\"so-panel widget widget_text panel-first-child panel-last-child\" data-index=\"10\" ><div class=\"panel-widget-style panel-widget-style-for-802-3-1-0\" ><h3 class=\"widget-title\">Ein Blick hinter die Kulissen gef\u00e4llig?<\/h3>\t\t\t<div class=\"textwidget\"><p>Du denkst, die Musikerzeitung war schon aufregend? Warte ab, bis du unsere <strong>Bildergalerie<\/strong> siehst! Hier gibt&#8217;s <strong>Einblicke hinter die Kulissen<\/strong> und du kannst unsere Abenteuer &amp; Spielereien noch einmal (fast) hautnah miterleben.<\/p>\n<p><a href=\"https:\/\/mv-strallegg.at\/main\/?page_id=337\">zur Bildergalerie<\/a><\/p>\n<\/div>\n\t\t<\/div><\/div><\/div><\/div><div id=\"pg-802-4\"  class=\"panel-grid panel-no-style\" ><div id=\"pgc-802-4-0\"  class=\"panel-grid-cell\" ><div id=\"panel-802-4-0-0\" class=\"so-panel widget widget_vantage-social-media panel-first-child panel-last-child\" data-index=\"11\" ><h3 class=\"widget-title\">Folge uns auf Social Media!<\/h3><a class=\"social-media-icon social-media-icon-facebook social-media-icon-size-medium\" href=\"https:\/\/www.facebook.com\/musikverein.strallegg\" title=\"Musikverein Strallegg Facebook\" ><span class=\"fa fa-facebook\"><\/span><\/a><a class=\"social-media-icon social-media-icon-instagram social-media-icon-size-medium\" href=\"https:\/\/www.instagram.com\/musikverein.strallegg\" title=\"Musikverein Strallegg Instagram\" ><span class=\"fa fa-instagram\"><\/span><\/a><a class=\"social-media-icon social-media-icon-youtube social-media-icon-size-medium\" href=\"https:\/\/www.youtube.com\/@mvstrallegg\" title=\"Musikverein Strallegg YouTube\" ><span class=\"fa fa-youtube\"><\/span><\/a><\/div><\/div><\/div><\/div>","protected":false},"excerpt":{"rendered":"<p>Willkommen zur Musikerzeitung des Musikvereins Strallegg, auch bekannt als der &#8222;Strallegger Vier-Viertel Takt&#8220;! Jedes Jahr im Dezember packen wir diese musikalische Zeitung aus, um euch \u00fcber alles zu informieren, was in unserem Verein so los ist. Von den neuesten Abenteuern und Ver\u00e4nderungen in unserem Mitgliederwesen bis hin zu den geheimen Rezepten f\u00fcr die besten Konzert-Pausensnacks [&hellip;]<\/p>\n","protected":false},"author":2,"featured_media":0,"parent":0,"menu_order":0,"comment_status":"closed","ping_status":"closed","template":"","meta":[],"_links":{"self":[{"href":"https:\/\/mv-strallegg.at\/main\/index.php?rest_route=\/wp\/v2\/pages\/802"}],"collection":[{"href":"https:\/\/mv-strallegg.at\/main\/index.php?rest_route=\/wp\/v2\/pages"}],"about":[{"href":"https:\/\/mv-strallegg.at\/main\/index.php?rest_route=\/wp\/v2\/types\/page"}],"author":[{"embeddable":true,"href":"https:\/\/mv-strallegg.at\/main\/index.php?rest_route=\/wp\/v2\/users\/2"}],"replies":[{"embeddable":true,"href":"https:\/\/mv-strallegg.at\/main\/index.php?rest_route=%2Fwp%2Fv2%2Fcomments&post=802"}],"version-history":[{"count":24,"href":"https:\/\/mv-strallegg.at\/main\/index.php?rest_route=\/wp\/v2\/pages\/802\/revisions"}],"predecessor-version":[{"id":1378,"href":"https:\/\/mv-strallegg.at\/main\/index.php?rest_route=\/wp\/v2\/pages\/802\/revisions\/1378"}],"wp:attachment":[{"href":"https:\/\/mv-strallegg.at\/main\/index.php?rest_route=%2Fwp%2Fv2%2Fmedia&parent=802"}],"curies":[{"name":"wp","href":"https:\/\/api.w.org\/{rel}","templated":true}]}}